{"id":831,"date":"2017-12-03T17:13:05","date_gmt":"2017-12-03T17:13:05","guid":{"rendered":"http:\/\/theme.ridianur.com\/cimol\/?page_id=831"},"modified":"2021-02-22T15:58:18","modified_gmt":"2021-02-22T20:58:18","slug":"home-agency-2","status":"publish","type":"page","link":"https:\/\/escritosya.com\/inicio\/","title":{"rendered":"inicio"},"content":{"rendered":"\t\t<div data-elementor-type=\"wp-page\" data-elementor-id=\"831\" class=\"elementor elementor-831\" data-elementor-settings=\"[]\">\n\t\t\t\t\t\t<div class=\"elementor-inner\">\n\t\t\t\t\t\t\t<div class=\"elementor-section-wrap\">\n\t\t\t\t\t\t\t<section class=\"elementor-section elementor-top-section elementor-element elementor-element-55ef5f7 elementor-section-boxed elementor-section-height-default elementor-section-height-default\" data-id=\"55ef5f7\" data-element_type=\"section\">\n\t\t\t\t\t\t<div class=\"elementor-container elementor-column-gap-no\">\n\t\t\t\t\t\t\t<div class=\"elementor-row\">\n\t\t\t\t\t<div class=\"elementor-column elementor-col-100 elementor-top-column elementor-element elementor-element-033f866\" data-id=\"033f866\" data-element_type=\"column\">\n\t\t\t<div class=\"elementor-column-wrap elementor-element-populated\">\n\t\t\t\t\t\t\t<div class=\"elementor-widget-wrap\">\n\t\t\t\t\t\t<div class=\"elementor-element elementor-element-82eba48 elementor-widget elementor-widget-rdn-slider\" data-id=\"82eba48\" data-element_type=\"widget\" data-settings=\"{&quot;slider_speed&quot;:8000}\" data-widget_type=\"rdn-slider.default\">\n\t\t\t\t<div class=\"elementor-widget-container\">\n\t\t\t \r\n \r\n <div class=\"slider home-slider ani-slider clearfix\" data-slick='{\"autoplaySpeed\": 8000}'>\r\n \r\n\t\t\t \r\n <div class=\"item slide clearfix\">\r\n \r\n <div class=\"slider-img-bg\" data-animation=\"puffIn\" data-delay=\"0.2s\" data-animation-duration=\"0.7s\" \r\n style=\"background-image:url(http:\/\/escritosya.com\/inicio\/wp-content\/uploads\/2020\/07\/Home_2.jpg);\" ><\/div>\r\n \r\n <div class=\"slider-mask\" data-animation=\"slideUpReturn\" data-delay=\"0.1s\"><\/div>\r\n \r\n <div class=\"caption-box clearfix\">\r\n \r\n <div class=\"slider-box container-fluid\">\r\n <div class=\"slider-content\">\r\n \r\n \t <p class=\"slider-subtitle\" data-animation=\"fadeIn\" data-delay=\"1.5s\">\r\n UN GRUPO DE PROFESIONALES EN LAS \u00c1REAS DE COMUNICACI\u00d3N Y LENGUAJE <\/p>\r\n \r\n <div class=\"slider-hidden\">\r\n <h3 class=\"slider-title\" data-animation=\"fadeInUp\" data-delay=\"0.8s\">Somos escritos ya<span>.<\/span><\/h3>\r\n <\/div><!--\/.slider-hidden-->\r\n \r\n \r\n <p class=\"slider-text\" data-animation=\"fadeInDown\" data-delay=\"1s\">\r\n Te guiamos en la revisi\u00f3n de tus escritos, para alcanzar una versi\u00f3n final que impacte a tus interlocutores.\n\n <\/p>\r\n \r\n \r\n <\/div><!--\/.slider-content-->\r\n <\/div><!--\/.slider-box-->\r\n \r\n \r\n \r\n <\/div><!--\/.caption-box-->\r\n <\/div><!--\/.slide-->\r\n\t\t\t\t\r\n\t\t\t\t \r\n <div class=\"item slide clearfix\">\r\n \r\n <div class=\"slider-img-bg\" data-animation=\"puffIn\" data-delay=\"0.2s\" data-animation-duration=\"0.7s\" \r\n style=\"background-image:url(http:\/\/escritosya.com\/inicio\/wp-content\/uploads\/2020\/07\/Home_3.jpg);\" ><\/div>\r\n \r\n <div class=\"slider-mask\" data-animation=\"slideUpReturn\" data-delay=\"0.1s\"><\/div>\r\n \r\n <div class=\"caption-box clearfix\">\r\n \r\n <div class=\"slider-box container-fluid\">\r\n <div class=\"slider-content\">\r\n \r\n \t <p class=\"slider-subtitle\" data-animation=\"fadeIn\" data-delay=\"1.5s\">\r\n CREAMOS LOS CONTENIDOS QUE NECESITES <\/p>\r\n \r\n <div class=\"slider-hidden\">\r\n <h3 class=\"slider-title\" data-animation=\"fadeInUp\" data-delay=\"0.8s\">SOMOS LA SOLUCI\u00d3N A TUS PROBLEMAS DE REDACCI\u00d3N<span>.<\/span><\/h3>\r\n <\/div><!--\/.slider-hidden-->\r\n \r\n \r\n <p class=\"slider-text\" data-animation=\"fadeInDown\" data-delay=\"1s\">\r\n Te damos las herramientas para que presentes tus contenidos de la mejor manera.\n\n <\/p>\r\n \r\n \r\n <\/div><!--\/.slider-content-->\r\n <\/div><!--\/.slider-box-->\r\n \r\n \r\n \r\n <\/div><!--\/.caption-box-->\r\n <\/div><!--\/.slide-->\r\n\t\t\t\t\r\n\t\t\t\t\t\t<\/div>\r\n\t\t\r\n\t\t\r\n\t\t\t\t<\/div>\n\t\t\t\t<\/div>\n\t\t\t\t\t\t<\/div>\n\t\t\t\t\t<\/div>\n\t\t<\/div>\n\t\t\t\t\t\t\t\t<\/div>\n\t\t\t\t\t<\/div>\n\t\t<\/section>\n\t\t\t\t<section class=\"elementor-section elementor-top-section elementor-element elementor-element-f0d92f1 elementor-section-boxed elementor-section-height-default elementor-section-height-default\" data-id=\"f0d92f1\" data-element_type=\"section\" data-settings=\"{&quot;background_background&quot;:&quot;classic&quot;}\">\n\t\t\t\t\t\t<div class=\"elementor-container elementor-column-gap-no\">\n\t\t\t\t\t\t\t<div class=\"elementor-row\">\n\t\t\t\t\t<div class=\"elementor-column elementor-col-100 elementor-top-column elementor-element elementor-element-fd26b2b\" data-id=\"fd26b2b\" data-element_type=\"column\">\n\t\t\t<div class=\"elementor-column-wrap elementor-element-populated\">\n\t\t\t\t\t\t\t<div class=\"elementor-widget-wrap\">\n\t\t\t\t\t\t<section class=\"elementor-section elementor-inner-section elementor-element elementor-element-d98e0c8 elementor-section-content-middle elementor-section-boxed elementor-section-height-default elementor-section-height-default\" data-id=\"d98e0c8\" data-element_type=\"section\">\n\t\t\t\t\t\t<div class=\"elementor-container elementor-column-gap-wide\">\n\t\t\t\t\t\t\t<div class=\"elementor-row\">\n\t\t\t\t\t<div class=\"elementor-column elementor-col-33 elementor-inner-column elementor-element elementor-element-ec68dd4\" data-id=\"ec68dd4\" data-element_type=\"column\">\n\t\t\t<div class=\"elementor-column-wrap\">\n\t\t\t\t\t\t\t<div class=\"elementor-widget-wrap\">\n\t\t\t\t\t\t\t\t<\/div>\n\t\t\t\t\t<\/div>\n\t\t<\/div>\n\t\t\t\t<div class=\"elementor-column elementor-col-33 elementor-inner-column elementor-element elementor-element-05353c4\" data-id=\"05353c4\" data-element_type=\"column\">\n\t\t\t<div class=\"elementor-column-wrap elementor-element-populated\">\n\t\t\t\t\t\t\t<div class=\"elementor-widget-wrap\">\n\t\t\t\t\t\t<div class=\"elementor-element elementor-element-dbc63ca elementor-invisible elementor-widget elementor-widget-cimol-title\" data-id=\"dbc63ca\" data-element_type=\"widget\" data-settings=\"{&quot;_animation&quot;:&quot;fadeInDown&quot;}\" data-widget_type=\"cimol-title.default\">\n\t\t\t\t<div class=\"elementor-widget-container\">\n\t\t\t<h2 class=\"content-title\">Escritos ya<span>.<\/span><\/h2>\t\t<\/div>\n\t\t\t\t<\/div>\n\t\t\t\t<div class=\"elementor-element elementor-element-3597f1b elementor-invisible elementor-widget elementor-widget-text-editor\" data-id=\"3597f1b\" data-element_type=\"widget\" data-settings=\"{&quot;_animation&quot;:&quot;fadeInUp&quot;,&quot;_animation_delay&quot;:200}\" data-widget_type=\"text-editor.default\">\n\t\t\t\t<div class=\"elementor-widget-container\">\n\t\t\t\t\t<div class=\"elementor-text-editor elementor-clearfix\"><p style=\"text-align: justify;\"><span style=\"background-color: rgb(255, 255, 255); color: rgb(0, 0, 0); font-size: 16px; text-align: left; font-family: var( --e-global-typography-text-font-family ); font-weight: var( --e-global-typography-text-font-weight );\">\u00bf<\/span><span style=\"font-weight: 400;\">Te ha pasado que cuentas con la informaci\u00f3n que quieres divulgar, pero no encuentras la forma de expresarla claramente y tu interlocutor la interpreta de una forma diferente a lo que t\u00fa quer\u00edas decir<\/span><span style=\"background-color: rgb(255, 255, 255); color: rgb(0, 0, 0); font-size: 16px; text-align: left; font-family: var( --e-global-typography-text-font-family ); font-weight: var( --e-global-typography-text-font-weight );\">?<\/span><\/p><\/div>\n\t\t\t\t<\/div>\n\t\t\t\t<\/div>\n\t\t\t\t<div class=\"elementor-element elementor-element-5b49a34 elementor-invisible elementor-widget elementor-widget-text-editor\" data-id=\"5b49a34\" data-element_type=\"widget\" data-settings=\"{&quot;_animation&quot;:&quot;fadeInUp&quot;,&quot;_animation_delay&quot;:200}\" data-widget_type=\"text-editor.default\">\n\t\t\t\t<div class=\"elementor-widget-container\">\n\t\t\t\t\t<div class=\"elementor-text-editor elementor-clearfix\"><p style=\"text-align: justify;\"><span style=\"font-weight: 400;\">Nosotros te ayudamos a<\/span> <span style=\"font-weight: 400;\">presentar efectivamente esas ideas y\u00a0 mensajes, con las condiciones de comunicaci\u00f3n, correcci\u00f3n y normatividad que se requieren para lograr el impacto y los resultados esperados en proyectos y tareas corporativas, acad\u00e9micas, comerciales, empresariales y personales. <\/span><\/p><\/div>\n\t\t\t\t<\/div>\n\t\t\t\t<\/div>\n\t\t\t\t\t\t<\/div>\n\t\t\t\t\t<\/div>\n\t\t<\/div>\n\t\t\t\t<div class=\"elementor-column elementor-col-33 elementor-inner-column elementor-element elementor-element-bec2d4a\" data-id=\"bec2d4a\" data-element_type=\"column\">\n\t\t\t<div class=\"elementor-column-wrap\">\n\t\t\t\t\t\t\t<div class=\"elementor-widget-wrap\">\n\t\t\t\t\t\t\t\t<\/div>\n\t\t\t\t\t<\/div>\n\t\t<\/div>\n\t\t\t\t\t\t\t\t<\/div>\n\t\t\t\t\t<\/div>\n\t\t<\/section>\n\t\t\t\t\t\t<\/div>\n\t\t\t\t\t<\/div>\n\t\t<\/div>\n\t\t\t\t\t\t\t\t<\/div>\n\t\t\t\t\t<\/div>\n\t\t<\/section>\n\t\t\t\t<section class=\"elementor-section elementor-top-section elementor-element elementor-element-e0843cb elementor-section-boxed elementor-section-height-default elementor-section-height-default\" data-id=\"e0843cb\" data-element_type=\"section\" data-settings=\"{&quot;background_background&quot;:&quot;classic&quot;}\">\n\t\t\t\t\t\t\t<div class=\"elementor-background-overlay\"><\/div>\n\t\t\t\t\t\t\t<div class=\"elementor-container elementor-column-gap-wide\">\n\t\t\t\t\t\t\t<div class=\"elementor-row\">\n\t\t\t\t\t<div class=\"elementor-column elementor-col-100 elementor-top-column elementor-element elementor-element-398d8c1\" data-id=\"398d8c1\" data-element_type=\"column\">\n\t\t\t<div class=\"elementor-column-wrap elementor-element-populated\">\n\t\t\t\t\t\t\t<div class=\"elementor-widget-wrap\">\n\t\t\t\t\t\t<section class=\"elementor-section elementor-inner-section elementor-element elementor-element-09b9140 elementor-section-content-middle elementor-section-boxed elementor-section-height-default elementor-section-height-default\" data-id=\"09b9140\" data-element_type=\"section\">\n\t\t\t\t\t\t<div class=\"elementor-container elementor-column-gap-default\">\n\t\t\t\t\t\t\t<div class=\"elementor-row\">\n\t\t\t\t\t<div class=\"elementor-column elementor-col-33 elementor-inner-column elementor-element elementor-element-e2bb3d2\" data-id=\"e2bb3d2\" data-element_type=\"column\">\n\t\t\t<div class=\"elementor-column-wrap\">\n\t\t\t\t\t\t\t<div class=\"elementor-widget-wrap\">\n\t\t\t\t\t\t\t\t<\/div>\n\t\t\t\t\t<\/div>\n\t\t<\/div>\n\t\t\t\t<div class=\"elementor-column elementor-col-33 elementor-inner-column elementor-element elementor-element-74de863\" data-id=\"74de863\" data-element_type=\"column\">\n\t\t\t<div class=\"elementor-column-wrap elementor-element-populated\">\n\t\t\t\t\t\t\t<div class=\"elementor-widget-wrap\">\n\t\t\t\t\t\t<div class=\"elementor-element elementor-element-c310378 elementor-invisible elementor-widget elementor-widget-cimol-title\" data-id=\"c310378\" data-element_type=\"widget\" data-settings=\"{&quot;_animation&quot;:&quot;fadeInDown&quot;}\" data-widget_type=\"cimol-title.default\">\n\t\t\t\t<div class=\"elementor-widget-container\">\n\t\t\t<h2 class=\"content-title\">Destacado<span>.<\/span><\/h2>\t\t<\/div>\n\t\t\t\t<\/div>\n\t\t\t\t<div class=\"elementor-element elementor-element-df21a73 elementor-invisible elementor-widget elementor-widget-text-editor\" data-id=\"df21a73\" data-element_type=\"widget\" data-settings=\"{&quot;_animation&quot;:&quot;fadeInUp&quot;,&quot;_animation_delay&quot;:200}\" data-widget_type=\"text-editor.default\">\n\t\t\t\t<div class=\"elementor-widget-container\">\n\t\t\t\t\t<div class=\"elementor-text-editor elementor-clearfix\"><p><span style=\"color: #ffffff;\"><b>Recuerda que todo tu contenido estar\u00e1 amparado bajo los acuerdos de confidencialidad y propiedad intelectual.<\/b><\/span><\/p><\/div>\n\t\t\t\t<\/div>\n\t\t\t\t<\/div>\n\t\t\t\t\t\t<\/div>\n\t\t\t\t\t<\/div>\n\t\t<\/div>\n\t\t\t\t<div class=\"elementor-column elementor-col-33 elementor-inner-column elementor-element elementor-element-c3a63b4\" data-id=\"c3a63b4\" data-element_type=\"column\">\n\t\t\t<div class=\"elementor-column-wrap\">\n\t\t\t\t\t\t\t<div class=\"elementor-widget-wrap\">\n\t\t\t\t\t\t\t\t<\/div>\n\t\t\t\t\t<\/div>\n\t\t<\/div>\n\t\t\t\t\t\t\t\t<\/div>\n\t\t\t\t\t<\/div>\n\t\t<\/section>\n\t\t\t\t\t\t<\/div>\n\t\t\t\t\t<\/div>\n\t\t<\/div>\n\t\t\t\t\t\t\t\t<\/div>\n\t\t\t\t\t<\/div>\n\t\t<\/section>\n\t\t\t\t<section class=\"elementor-section elementor-top-section elementor-element elementor-element-6574728 elementor-section-boxed elementor-section-height-default elementor-section-height-default\" data-id=\"6574728\" data-element_type=\"section\">\n\t\t\t\t\t\t<div class=\"elementor-container elementor-column-gap-default\">\n\t\t\t\t\t\t\t<div class=\"elementor-row\">\n\t\t\t\t\t<div class=\"elementor-column elementor-col-100 elementor-top-column elementor-element elementor-element-e08ada3\" data-id=\"e08ada3\" data-element_type=\"column\">\n\t\t\t<div class=\"elementor-column-wrap elementor-element-populated\">\n\t\t\t\t\t\t\t<div class=\"elementor-widget-wrap\">\n\t\t\t\t\t\t<div class=\"elementor-element elementor-element-56fc002 elementor-invisible elementor-widget elementor-widget-cimol-title\" data-id=\"56fc002\" data-element_type=\"widget\" data-settings=\"{&quot;_animation&quot;:&quot;fadeInDown&quot;}\" data-widget_type=\"cimol-title.default\">\n\t\t\t\t<div class=\"elementor-widget-container\">\n\t\t\t<h4 class=\"content-title\">Nuestros clientes<span>.<\/span><\/h4>\t\t<\/div>\n\t\t\t\t<\/div>\n\t\t\t\t\t\t<\/div>\n\t\t\t\t\t<\/div>\n\t\t<\/div>\n\t\t\t\t\t\t\t\t<\/div>\n\t\t\t\t\t<\/div>\n\t\t<\/section>\n\t\t\t\t<section class=\"elementor-section elementor-top-section elementor-element elementor-element-677de32 elementor-section-stretched elementor-section-full_width elementor-section-height-default elementor-section-height-default\" data-id=\"677de32\" data-element_type=\"section\" data-settings=\"{&quot;stretch_section&quot;:&quot;section-stretched&quot;}\">\n\t\t\t\t\t\t<div class=\"elementor-container elementor-column-gap-default\">\n\t\t\t\t\t\t\t<div class=\"elementor-row\">\n\t\t\t\t\t<div class=\"elementor-column elementor-col-100 elementor-top-column elementor-element elementor-element-23ee706\" data-id=\"23ee706\" data-element_type=\"column\">\n\t\t\t<div class=\"elementor-column-wrap elementor-element-populated\">\n\t\t\t\t\t\t\t<div class=\"elementor-widget-wrap\">\n\t\t\t\t\t\t<div class=\"elementor-element elementor-element-4749d48 elementor-widget elementor-widget-image-carousel\" data-id=\"4749d48\" data-element_type=\"widget\" data-settings=\"{&quot;slides_to_show&quot;:&quot;4&quot;,&quot;navigation&quot;:&quot;none&quot;,&quot;autoplay&quot;:&quot;yes&quot;,&quot;pause_on_hover&quot;:&quot;yes&quot;,&quot;pause_on_interaction&quot;:&quot;yes&quot;,&quot;autoplay_speed&quot;:5000,&quot;infinite&quot;:&quot;yes&quot;,&quot;speed&quot;:500}\" data-widget_type=\"image-carousel.default\">\n\t\t\t\t<div class=\"elementor-widget-container\">\n\t\t\t\t\t<div class=\"elementor-image-carousel-wrapper swiper-container\" dir=\"ltr\">\n\t\t\t<div class=\"elementor-image-carousel swiper-wrapper\">\n\t\t\t\t<div class=\"swiper-slide\"><figure class=\"swiper-slide-inner\"><img class=\"swiper-slide-image\" src=\"https:\/\/escritosya.com\/inicio\/wp-content\/uploads\/2020\/07\/secciones_2-300x300.jpg\" alt=\"secciones_2\" \/><\/figure><\/div><div class=\"swiper-slide\"><figure class=\"swiper-slide-inner\"><img class=\"swiper-slide-image\" src=\"https:\/\/escritosya.com\/inicio\/wp-content\/uploads\/2020\/07\/secciones_1-300x300.jpg\" alt=\"secciones_1\" \/><\/figure><\/div><div class=\"swiper-slide\"><figure class=\"swiper-slide-inner\"><img class=\"swiper-slide-image\" src=\"https:\/\/escritosya.com\/inicio\/wp-content\/uploads\/2020\/07\/secciones_4-300x300.jpg\" alt=\"secciones_4\" \/><\/figure><\/div><div class=\"swiper-slide\"><figure class=\"swiper-slide-inner\"><img class=\"swiper-slide-image\" src=\"https:\/\/escritosya.com\/inicio\/wp-content\/uploads\/2020\/07\/secciones_5-300x300.jpg\" alt=\"secciones_5\" \/><\/figure><\/div><div class=\"swiper-slide\"><figure class=\"swiper-slide-inner\"><img class=\"swiper-slide-image\" src=\"https:\/\/escritosya.com\/inicio\/wp-content\/uploads\/2020\/07\/secciones_3-300x300.jpg\" alt=\"secciones_3\" \/><\/figure><\/div><div class=\"swiper-slide\"><figure class=\"swiper-slide-inner\"><img class=\"swiper-slide-image\" src=\"https:\/\/escritosya.com\/inicio\/wp-content\/uploads\/2020\/07\/secciones_6-300x300.jpg\" alt=\"secciones_6\" \/><\/figure><\/div>\t\t\t<\/div>\n\t\t\t\t\t\t\t\t\t\t\t\t\t\t\t\t<\/div>\n\t\t\t\t<\/div>\n\t\t\t\t<\/div>\n\t\t\t\t\t\t<\/div>\n\t\t\t\t\t<\/div>\n\t\t<\/div>\n\t\t\t\t\t\t\t\t<\/div>\n\t\t\t\t\t<\/div>\n\t\t<\/section>\n\t\t\t\t\t\t<\/div>\n\t\t\t\t\t\t<\/div>\n\t\t\t\t\t<\/div>\n\t\t","protected":false},"excerpt":{"rendered":"<p>UN GRUPO DE PROFESIONALES EN LAS \u00c1REAS DE COMUNICACI\u00d3N Y LENGUAJE Somos escritos ya. Te guiamos en la revisi\u00f3n de tus escritos, para alcanzar una versi\u00f3n final que impacte a tus interlocutores. CREAMOS LOS CONTENIDOS QUE NECESITES SOMOS LA SOLUCI\u00d3N A TUS PROBLEMAS DE REDACCI\u00d3N. Te damos las herramientas para que presentes tus contenidos de la mejor manera. Escritos ya. &hellip;<\/p>\n","protected":false},"author":1,"featured_media":0,"parent":0,"menu_order":0,"comment_status":"closed","ping_status":"closed","template":"blank-builder.php","meta":[],"_links":{"self":[{"href":"https:\/\/escritosya.com\/inicio\/wp-json\/wp\/v2\/pages\/831"}],"collection":[{"href":"https:\/\/escritosya.com\/inicio\/wp-json\/wp\/v2\/pages"}],"about":[{"href":"https:\/\/escritosya.com\/inicio\/wp-json\/wp\/v2\/types\/page"}],"author":[{"embeddable":true,"href":"https:\/\/escritosya.com\/inicio\/wp-json\/wp\/v2\/users\/1"}],"replies":[{"embeddable":true,"href":"https:\/\/escritosya.com\/inicio\/wp-json\/wp\/v2\/comments?post=831"}],"version-history":[{"count":28,"href":"https:\/\/escritosya.com\/inicio\/wp-json\/wp\/v2\/pages\/831\/revisions"}],"predecessor-version":[{"id":1327,"href":"https:\/\/escritosya.com\/inicio\/wp-json\/wp\/v2\/pages\/831\/revisions\/1327"}],"wp:attachment":[{"href":"https:\/\/escritosya.com\/inicio\/wp-json\/wp\/v2\/media?parent=831"}],"curies":[{"name":"wp","href":"https:\/\/api.w.org\/{rel}","templated":true}]}}