{"id":1292,"date":"2021-01-06T17:12:43","date_gmt":"2021-01-06T22:12:43","guid":{"rendered":"http:\/\/escritosya.com\/inicio\/?page_id=1292"},"modified":"2021-09-20T18:22:00","modified_gmt":"2021-09-20T23:22:00","slug":"nuestro-equipo","status":"publish","type":"page","link":"https:\/\/escritosya.com\/inicio\/nuestro-equipo\/","title":{"rendered":"Nuestro equipo"},"content":{"rendered":"\t\t<div data-elementor-type=\"wp-page\" data-elementor-id=\"1292\" class=\"elementor elementor-1292\" data-elementor-settings=\"[]\">\n\t\t\t\t\t\t<div class=\"elementor-inner\">\n\t\t\t\t\t\t\t<div class=\"elementor-section-wrap\">\n\t\t\t\t\t\t\t<section class=\"elementor-section elementor-top-section elementor-element elementor-element-ae23aad elementor-section-boxed elementor-section-height-default elementor-section-height-default\" data-id=\"ae23aad\" data-element_type=\"section\" data-settings=\"{&quot;background_background&quot;:&quot;classic&quot;}\">\n\t\t\t\t\t\t<div class=\"elementor-container elementor-column-gap-no\">\n\t\t\t\t\t\t\t<div class=\"elementor-row\">\n\t\t\t\t\t<div class=\"elementor-column elementor-col-100 elementor-top-column elementor-element elementor-element-44bdbcc\" data-id=\"44bdbcc\" data-element_type=\"column\">\n\t\t\t<div class=\"elementor-column-wrap elementor-element-populated\">\n\t\t\t\t\t\t\t<div class=\"elementor-widget-wrap\">\n\t\t\t\t\t\t<section class=\"elementor-section elementor-inner-section elementor-element elementor-element-c833101 elementor-section-content-middle elementor-section-boxed elementor-section-height-default elementor-section-height-default\" data-id=\"c833101\" data-element_type=\"section\">\n\t\t\t\t\t\t<div class=\"elementor-container elementor-column-gap-wide\">\n\t\t\t\t\t\t\t<div class=\"elementor-row\">\n\t\t\t\t\t<div class=\"elementor-column elementor-col-100 elementor-inner-column elementor-element elementor-element-bd91fcd\" data-id=\"bd91fcd\" data-element_type=\"column\">\n\t\t\t<div class=\"elementor-column-wrap elementor-element-populated\">\n\t\t\t\t\t\t\t<div class=\"elementor-widget-wrap\">\n\t\t\t\t\t\t<div class=\"elementor-element elementor-element-54e2076 elementor-invisible elementor-widget elementor-widget-cimol-title\" data-id=\"54e2076\" data-element_type=\"widget\" data-settings=\"{&quot;_animation&quot;:&quot;fadeInDown&quot;}\" data-widget_type=\"cimol-title.default\">\n\t\t\t\t<div class=\"elementor-widget-container\">\n\t\t\t<h2 class=\"content-title\">Nuestro Equipo<span>.<\/span><\/h2>\t\t<\/div>\n\t\t\t\t<\/div>\n\t\t\t\t<div class=\"elementor-element elementor-element-b2ff354 elementor-invisible elementor-widget elementor-widget-text-editor\" data-id=\"b2ff354\" data-element_type=\"widget\" data-settings=\"{&quot;_animation&quot;:&quot;fadeInUp&quot;,&quot;_animation_delay&quot;:200}\" data-widget_type=\"text-editor.default\">\n\t\t\t\t<div class=\"elementor-widget-container\">\n\t\t\t\t\t<div class=\"elementor-text-editor elementor-clearfix\"><p><strong>Somos un grupo de profesionales dispuesto a ayudarte con la implementaci\u00f3n de tus ideas.<\/strong><\/p><\/div>\n\t\t\t\t<\/div>\n\t\t\t\t<\/div>\n\t\t\t\t\t\t<\/div>\n\t\t\t\t\t<\/div>\n\t\t<\/div>\n\t\t\t\t\t\t\t\t<\/div>\n\t\t\t\t\t<\/div>\n\t\t<\/section>\n\t\t\t\t\t\t<\/div>\n\t\t\t\t\t<\/div>\n\t\t<\/div>\n\t\t\t\t\t\t\t\t<\/div>\n\t\t\t\t\t<\/div>\n\t\t<\/section>\n\t\t\t\t<section class=\"elementor-section elementor-top-section elementor-element elementor-element-6ce5eee elementor-section-boxed elementor-section-height-default elementor-section-height-default\" data-id=\"6ce5eee\" data-element_type=\"section\">\n\t\t\t\t\t\t<div class=\"elementor-container elementor-column-gap-default\">\n\t\t\t\t\t\t\t<div class=\"elementor-row\">\n\t\t\t\t\t<div class=\"elementor-column elementor-col-33 elementor-top-column elementor-element elementor-element-e9ec313\" data-id=\"e9ec313\" data-element_type=\"column\">\n\t\t\t<div class=\"elementor-column-wrap elementor-element-populated\">\n\t\t\t\t\t\t\t<div class=\"elementor-widget-wrap\">\n\t\t\t\t\t\t<div class=\"elementor-element elementor-element-02d32f4 elementor-widget elementor-widget-image\" data-id=\"02d32f4\" data-element_type=\"widget\" data-widget_type=\"image.default\">\n\t\t\t\t<div class=\"elementor-widget-container\">\n\t\t\t\t\t<div class=\"elementor-image\">\n\t\t\t\t\t\t\t\t\t\t<img width=\"1024\" height=\"768\" src=\"data:image\/png;base64,R0lGODlhAQABAAD\/ACwAAAAAAQABAAACADs=\" class=\"attachment-large size-large\" alt=\"\" loading=\"lazy\" srcset=\"https:\/\/escritosya.com\/inicio\/wp-content\/uploads\/2021\/01\/foto-escritos-ya-1024x768.jpg 1024w, https:\/\/escritosya.com\/inicio\/wp-content\/uploads\/2021\/01\/foto-escritos-ya-300x225.jpg 300w, https:\/\/escritosya.com\/inicio\/wp-content\/uploads\/2021\/01\/foto-escritos-ya-768x576.jpg 768w, https:\/\/escritosya.com\/inicio\/wp-content\/uploads\/2021\/01\/foto-escritos-ya.jpg 1280w\" sizes=\"(max-width: 1024px) 100vw, 1024px\" data-url=\"\" \/>\t\t\t\t\t\t\t\t\t\t\t<\/div>\n\t\t\t\t<\/div>\n\t\t\t\t<\/div>\n\t\t\t\t\t\t<\/div>\n\t\t\t\t\t<\/div>\n\t\t<\/div>\n\t\t\t\t<div class=\"elementor-column elementor-col-66 elementor-top-column elementor-element elementor-element-2eb0ed5\" data-id=\"2eb0ed5\" data-element_type=\"column\">\n\t\t\t<div class=\"elementor-column-wrap elementor-element-populated\">\n\t\t\t\t\t\t\t<div class=\"elementor-widget-wrap\">\n\t\t\t\t\t\t<div class=\"elementor-element elementor-element-d6da0ba elementor-invisible elementor-widget elementor-widget-cimol-title\" data-id=\"d6da0ba\" data-element_type=\"widget\" data-settings=\"{&quot;_animation&quot;:&quot;fadeInDown&quot;}\" data-widget_type=\"cimol-title.default\">\n\t\t\t\t<div class=\"elementor-widget-container\">\n\t\t\t<h1 class=\"content-title\">Patricia Bejarano Herrera<span>.<\/span><\/h1>\t\t<\/div>\n\t\t\t\t<\/div>\n\t\t\t\t<div class=\"elementor-element elementor-element-d7414c0 elementor-widget elementor-widget-text-editor\" data-id=\"d7414c0\" data-element_type=\"widget\" data-widget_type=\"text-editor.default\">\n\t\t\t\t<div class=\"elementor-widget-container\">\n\t\t\t\t\t<div class=\"elementor-text-editor elementor-clearfix\"><p style=\"text-align: justify;\">Comunicadora Social y Periodista de la Pontificia Universidad Javeriana con diecis\u00e9is (16) a\u00f1os de\nexperiencia. Capacidad para producir contenidos period\u00edsticos en g\u00e9neros informativos (noticia);\ninterpretativos (entrevistas, reportaje y cr\u00f3nica); y argumentativos (editorial, cr\u00edtica, columna, art\u00edculo).\nHabilidad para componer y estructurar mensajes escritos y con estilo, as\u00ed como para recolectar,\norganizar, evaluar y presentar informaci\u00f3n profesional, comercial y acad\u00e9mica. Idoneidad profesional\nen relaciones p\u00fablicas, comunicaci\u00f3n organizacional, manejo de agendas de medios, free press,\ndesarrollo de proyectos editoriales. Aficionada a la literatura y a la fotograf\u00eda.<\/p><\/div>\n\t\t\t\t<\/div>\n\t\t\t\t<\/div>\n\t\t\t\t\t\t<\/div>\n\t\t\t\t\t<\/div>\n\t\t<\/div>\n\t\t\t\t\t\t\t\t<\/div>\n\t\t\t\t\t<\/div>\n\t\t<\/section>\n\t\t\t\t<section class=\"elementor-section elementor-top-section elementor-element elementor-element-6ac4378 elementor-section-boxed elementor-section-height-default elementor-section-height-default\" data-id=\"6ac4378\" data-element_type=\"section\">\n\t\t\t\t\t\t<div class=\"elementor-container elementor-column-gap-default\">\n\t\t\t\t\t\t\t<div class=\"elementor-row\">\n\t\t\t\t\t<div class=\"elementor-column elementor-col-33 elementor-top-column elementor-element elementor-element-ce4dc77\" data-id=\"ce4dc77\" data-element_type=\"column\">\n\t\t\t<div class=\"elementor-column-wrap elementor-element-populated\">\n\t\t\t\t\t\t\t<div class=\"elementor-widget-wrap\">\n\t\t\t\t\t\t<div class=\"elementor-element elementor-element-858dcc8 elementor-widget elementor-widget-image\" data-id=\"858dcc8\" data-element_type=\"widget\" data-widget_type=\"image.default\">\n\t\t\t\t<div class=\"elementor-widget-container\">\n\t\t\t\t\t<div class=\"elementor-image\">\n\t\t\t\t\t\t\t\t\t\t<img width=\"768\" height=\"1160\" src=\"data:image\/png;base64,R0lGODlhAQABAAD\/ACwAAAAAAQABAAACADs=\" class=\"attachment-medium_large size-medium_large\" alt=\"\" loading=\"lazy\" srcset=\"https:\/\/escritosya.com\/inicio\/wp-content\/uploads\/2021\/09\/L-186-768x1160.jpg 768w, https:\/\/escritosya.com\/inicio\/wp-content\/uploads\/2021\/09\/L-186-199x300.jpg 199w, https:\/\/escritosya.com\/inicio\/wp-content\/uploads\/2021\/09\/L-186-678x1024.jpg 678w, https:\/\/escritosya.com\/inicio\/wp-content\/uploads\/2021\/09\/L-186-1017x1536.jpg 1017w, https:\/\/escritosya.com\/inicio\/wp-content\/uploads\/2021\/09\/L-186-1356x2048.jpg 1356w, https:\/\/escritosya.com\/inicio\/wp-content\/uploads\/2021\/09\/L-186-scaled.jpg 1696w\" sizes=\"(max-width: 768px) 100vw, 768px\" data-url=\"\" \/>\t\t\t\t\t\t\t\t\t\t\t<\/div>\n\t\t\t\t<\/div>\n\t\t\t\t<\/div>\n\t\t\t\t\t\t<\/div>\n\t\t\t\t\t<\/div>\n\t\t<\/div>\n\t\t\t\t<div class=\"elementor-column elementor-col-66 elementor-top-column elementor-element elementor-element-045c179\" data-id=\"045c179\" data-element_type=\"column\">\n\t\t\t<div class=\"elementor-column-wrap elementor-element-populated\">\n\t\t\t\t\t\t\t<div class=\"elementor-widget-wrap\">\n\t\t\t\t\t\t<div class=\"elementor-element elementor-element-d57569e elementor-invisible elementor-widget elementor-widget-cimol-title\" data-id=\"d57569e\" data-element_type=\"widget\" data-settings=\"{&quot;_animation&quot;:&quot;fadeInDown&quot;}\" data-widget_type=\"cimol-title.default\">\n\t\t\t\t<div class=\"elementor-widget-container\">\n\t\t\t<h1 class=\"content-title\">Nicol\u00e1s Francisco Maestre Preciado<span>.<\/span><\/h1>\t\t<\/div>\n\t\t\t\t<\/div>\n\t\t\t\t<div class=\"elementor-element elementor-element-4e2115c elementor-widget elementor-widget-text-editor\" data-id=\"4e2115c\" data-element_type=\"widget\" data-widget_type=\"text-editor.default\">\n\t\t\t\t<div class=\"elementor-widget-container\">\n\t\t\t\t\t<div class=\"elementor-text-editor elementor-clearfix\"><p style=\"text-align: justify;\">Comunicador Social y Periodista javeriano, creador digital del canal de noticias positivas Primiciaweb (YouTube), estudiante de doctorado en Comunicaci\u00f3n (U.Nal. de la Plata, Argentina), magister en Relaciones Internacionales de la PUJ y tecn\u00f3logo en Escritura para Medios Audiovisuales. Su experiencia escribiendo para medios de comunicaci\u00f3n diversos (prensa, radio, T.V. y web) es cercana a los 20 a\u00f1os en cargos que van desde la reporter\u00eda hasta la coordinaci\u00f3n y direcci\u00f3n period\u00edstica de salas de redacci\u00f3n. Tambi\u00e9n disfruta grabando su voz para campa\u00f1as publicitarias y videos institucionales, escribiendo art\u00edculos acad\u00e9micos y como jurado de tesis de grado. Escritor de libretos y guiones para radio y televisi\u00f3n, es amante de la lectura, de cazar gazapos ortogr\u00e1ficos, de los viajes y de los gatos. Disfruta de convertir textos buenos en obras de arte. Es docente universitario e investigador en pregrado y postgrado en \u00e1reas de periodismo y humanidades.<\/p><\/div>\n\t\t\t\t<\/div>\n\t\t\t\t<\/div>\n\t\t\t\t\t\t<\/div>\n\t\t\t\t\t<\/div>\n\t\t<\/div>\n\t\t\t\t\t\t\t\t<\/div>\n\t\t\t\t\t<\/div>\n\t\t<\/section>\n\t\t\t\t\t\t<\/div>\n\t\t\t\t\t\t<\/div>\n\t\t\t\t\t<\/div>\n\t\t","protected":false},"excerpt":{"rendered":"<p>Nuestro Equipo. Somos un grupo de profesionales dispuesto a ayudarte con la implementaci\u00f3n de tus ideas. Patricia Bejarano Herrera. Comunicadora Social y Periodista de la Pontificia Universidad Javeriana con diecis\u00e9is (16) a\u00f1os de experiencia. Capacidad para producir contenidos period\u00edsticos en g\u00e9neros informativos (noticia); interpretativos (entrevistas, reportaje y cr\u00f3nica); y argumentativos (editorial, cr\u00edtica, columna, art\u00edculo). Habilidad para componer y estructurar mensajes &hellip;<\/p>\n","protected":false},"author":1,"featured_media":0,"parent":0,"menu_order":0,"comment_status":"closed","ping_status":"closed","template":"blank-builder.php","meta":[],"_links":{"self":[{"href":"https:\/\/escritosya.com\/inicio\/wp-json\/wp\/v2\/pages\/1292"}],"collection":[{"href":"https:\/\/escritosya.com\/inicio\/wp-json\/wp\/v2\/pages"}],"about":[{"href":"https:\/\/escritosya.com\/inicio\/wp-json\/wp\/v2\/types\/page"}],"author":[{"embeddable":true,"href":"https:\/\/escritosya.com\/inicio\/wp-json\/wp\/v2\/users\/1"}],"replies":[{"embeddable":true,"href":"https:\/\/escritosya.com\/inicio\/wp-json\/wp\/v2\/comments?post=1292"}],"version-history":[{"count":16,"href":"https:\/\/escritosya.com\/inicio\/wp-json\/wp\/v2\/pages\/1292\/revisions"}],"predecessor-version":[{"id":1337,"href":"https:\/\/escritosya.com\/inicio\/wp-json\/wp\/v2\/pages\/1292\/revisions\/1337"}],"wp:attachment":[{"href":"https:\/\/escritosya.com\/inicio\/wp-json\/wp\/v2\/media?parent=1292"}],"curies":[{"name":"wp","href":"https:\/\/api.w.org\/{rel}","templated":true}]}}