{"id":1157,"date":"2020-07-14T22:55:33","date_gmt":"2020-07-15T03:55:33","guid":{"rendered":"http:\/\/escritosya.com\/inicio\/?page_id=1157"},"modified":"2021-01-21T20:15:42","modified_gmt":"2021-01-22T01:15:42","slug":"correccion-idiomatica-y-de-estilo","status":"publish","type":"page","link":"https:\/\/escritosya.com\/inicio\/correccion-idiomatica-y-de-estilo\/","title":{"rendered":"Correcci\u00f3n idiomatica de estilo"},"content":{"rendered":"\t\t<div data-elementor-type=\"wp-page\" data-elementor-id=\"1157\" class=\"elementor elementor-1157\" data-elementor-settings=\"[]\">\n\t\t\t\t\t\t<div class=\"elementor-inner\">\n\t\t\t\t\t\t\t<div class=\"elementor-section-wrap\">\n\t\t\t\t\t\t\t<section class=\"elementor-section elementor-top-section elementor-element elementor-element-9cf6c72 elementor-section-boxed elementor-section-height-default elementor-section-height-default\" data-id=\"9cf6c72\" data-element_type=\"section\" data-settings=\"{&quot;background_background&quot;:&quot;classic&quot;}\">\n\t\t\t\t\t\t<div class=\"elementor-container elementor-column-gap-no\">\n\t\t\t\t\t\t\t<div class=\"elementor-row\">\n\t\t\t\t\t<div class=\"elementor-column elementor-col-100 elementor-top-column elementor-element elementor-element-b63a165\" data-id=\"b63a165\" data-element_type=\"column\">\n\t\t\t<div class=\"elementor-column-wrap elementor-element-populated\">\n\t\t\t\t\t\t\t<div class=\"elementor-widget-wrap\">\n\t\t\t\t\t\t<section class=\"elementor-section elementor-inner-section elementor-element elementor-element-2452b41 elementor-section-content-middle elementor-section-boxed elementor-section-height-default elementor-section-height-default\" data-id=\"2452b41\" data-element_type=\"section\">\n\t\t\t\t\t\t<div class=\"elementor-container elementor-column-gap-wide\">\n\t\t\t\t\t\t\t<div class=\"elementor-row\">\n\t\t\t\t\t<div class=\"elementor-column elementor-col-33 elementor-inner-column elementor-element elementor-element-9986ed6\" data-id=\"9986ed6\" data-element_type=\"column\">\n\t\t\t<div class=\"elementor-column-wrap elementor-element-populated\">\n\t\t\t\t\t\t\t<div class=\"elementor-widget-wrap\">\n\t\t\t\t\t\t<div class=\"elementor-element elementor-element-dae56c6 animated-slow elementor-invisible elementor-widget elementor-widget-cimol-team\" data-id=\"dae56c6\" data-element_type=\"widget\" data-settings=\"{&quot;_animation&quot;:&quot;fadeIn&quot;}\" data-widget_type=\"cimol-team.default\">\n\t\t\t\t<div class=\"elementor-widget-container\">\n\t\t\t <div class=\"clearfix\">\r\n <div class=\"port-inner\">\r\n <div class=\"port-box\"><\/div>\r\n <div class=\"port-img width-img img-bg\" style=\"background-image:url(http:\/\/escritosya.com\/inicio\/wp-content\/uploads\/2020\/07\/Servicios_1.jpg);\"><\/div>\r\n <div class=\"img-mask\"><\/div>\r\n <div class=\"port-dbox\">\r\n <div class=\"dbox-relative\">\r\n <h3 ><\/h3>\r\n <p ><\/p>\r\n <ul class=\"team-sicon\">\r\n <li>\r\n <a href=\"\"> <i class=\"\"><\/i>\r\n <\/a>\r\n <\/li>\r\n \r\n <\/ul>\r\n <\/div>\r\n <\/div>\r\n <\/div>\r\n <\/div>\r\n \r\n\t\t\t<\/div>\n\t\t\t\t<\/div>\n\t\t\t\t\t\t<\/div>\n\t\t\t\t\t<\/div>\n\t\t<\/div>\n\t\t\t\t<div class=\"elementor-column elementor-col-66 elementor-inner-column elementor-element elementor-element-9952686\" data-id=\"9952686\" data-element_type=\"column\" data-settings=\"{&quot;background_background&quot;:&quot;classic&quot;}\">\n\t\t\t<div class=\"elementor-column-wrap elementor-element-populated\">\n\t\t\t\t\t\t\t<div class=\"elementor-widget-wrap\">\n\t\t\t\t\t\t<div class=\"elementor-element elementor-element-914ad88 elementor-invisible elementor-widget elementor-widget-cimol-title\" data-id=\"914ad88\" data-element_type=\"widget\" data-settings=\"{&quot;_animation&quot;:&quot;fadeInDown&quot;}\" data-widget_type=\"cimol-title.default\">\n\t\t\t\t<div class=\"elementor-widget-container\">\n\t\t\t<h2 class=\"content-title\">Correcci\u00f3n idiom\u00e1tica y de estilo<span>.<\/span><\/h2>\t\t<\/div>\n\t\t\t\t<\/div>\n\t\t\t\t<div class=\"elementor-element elementor-element-6e24786 elementor-align-center elementor-invisible elementor-widget elementor-widget-button\" data-id=\"6e24786\" data-element_type=\"widget\" data-settings=\"{&quot;_animation&quot;:&quot;zoomIn&quot;,&quot;_animation_delay&quot;:400}\" data-widget_type=\"button.default\">\n\t\t\t\t<div class=\"elementor-widget-container\">\n\t\t\t\t\t<div class=\"elementor-button-wrapper\">\n\t\t\t<a href=\"http:\/\/escritosya.com\/inicio\/tarifas\/\" class=\"elementor-button-link elementor-button elementor-size-sm elementor-animation-float\" role=\"button\">\n\t\t\t\t\t\t<span class=\"elementor-button-content-wrapper\">\n\t\t\t\t\t\t<span class=\"elementor-button-text\">Quiero este servicio<\/span>\n\t\t<\/span>\n\t\t\t\t\t<\/a>\n\t\t<\/div>\n\t\t\t\t<\/div>\n\t\t\t\t<\/div>\n\t\t\t\t\t\t<\/div>\n\t\t\t\t\t<\/div>\n\t\t<\/div>\n\t\t\t\t\t\t\t\t<\/div>\n\t\t\t\t\t<\/div>\n\t\t<\/section>\n\t\t\t\t\t\t<\/div>\n\t\t\t\t\t<\/div>\n\t\t<\/div>\n\t\t\t\t\t\t\t\t<\/div>\n\t\t\t\t\t<\/div>\n\t\t<\/section>\n\t\t\t\t<section class=\"elementor-section elementor-top-section elementor-element elementor-element-50a7e5a elementor-section-boxed elementor-section-height-default elementor-section-height-default\" data-id=\"50a7e5a\" data-element_type=\"section\">\n\t\t\t\t\t\t<div class=\"elementor-container elementor-column-gap-no\">\n\t\t\t\t\t\t\t<div class=\"elementor-row\">\n\t\t\t\t\t<div class=\"elementor-column elementor-col-100 elementor-top-column elementor-element elementor-element-bd944c2\" data-id=\"bd944c2\" data-element_type=\"column\">\n\t\t\t<div class=\"elementor-column-wrap elementor-element-populated\">\n\t\t\t\t\t\t\t<div class=\"elementor-widget-wrap\">\n\t\t\t\t\t\t<section class=\"elementor-section elementor-inner-section elementor-element elementor-element-6883140 elementor-section-content-middle elementor-section-boxed elementor-section-height-default elementor-section-height-default\" data-id=\"6883140\" data-element_type=\"section\">\n\t\t\t\t\t\t<div class=\"elementor-container elementor-column-gap-wide\">\n\t\t\t\t\t\t\t<div class=\"elementor-row\">\n\t\t\t\t\t<div class=\"elementor-column elementor-col-100 elementor-inner-column elementor-element elementor-element-9bc08fd\" data-id=\"9bc08fd\" data-element_type=\"column\">\n\t\t\t<div class=\"elementor-column-wrap elementor-element-populated\">\n\t\t\t\t\t\t\t<div class=\"elementor-widget-wrap\">\n\t\t\t\t\t\t<div class=\"elementor-element elementor-element-6a3aaca elementor-widget elementor-widget-text-editor\" data-id=\"6a3aaca\" data-element_type=\"widget\" data-widget_type=\"text-editor.default\">\n\t\t\t\t<div class=\"elementor-widget-container\">\n\t\t\t\t\t<div class=\"elementor-text-editor elementor-clearfix\"><p><span style=\"font-weight: 400;\">Un trabajo acad\u00e9mico o profesional es la mejor carta de presentaci\u00f3n para demostrar qui\u00e9n eres. Haz del lenguaje, la ortograf\u00eda, la sintaxis, la coherencia y la concordancia en todo lo que escribas tus mejores aliados. La correcci\u00f3n de estilo y redacci\u00f3n es un proceso que le aporta calidad al contenido de tus escritos y contribuye al mejoramiento, unificaci\u00f3n y aclaraci\u00f3n de tus formas expresivas, con respeto absoluto hacia los conceptos originales.<\/span><\/p><p><span style=\"font-weight: 400;\">\u00a0<\/span><\/p><p><span style=\"font-weight: 400;\">Nuestra misi\u00f3n es brindarte herramientas para que presentes tu contenido de la mejor manera, de acuerdo con el prop\u00f3sito de tu mensaje y alcanzando el p\u00fablico objetivo de tu inter\u00e9s.<\/span><\/p><p><span style=\"font-weight: 400;\">\u00a0<\/span><\/p><p><span style=\"font-weight: 400;\">Realizamos revisi\u00f3n ortotipogr\u00e1fica, estructural y sint\u00e1ctica de textos informativos (noticias); argumentativos (editoriales, cr\u00edticas, columnas, art\u00edculos); interpretativos (entrevistas, reportajes, cr\u00f3nicas), acad\u00e9micos (ensayos, tesis, investigaciones); empresariales (cartas, informes de gesti\u00f3n y resultados), literarios, cient\u00edficos, y contenido web en espa\u00f1ol.<\/span><\/p><\/div>\n\t\t\t\t<\/div>\n\t\t\t\t<\/div>\n\t\t\t\t\t\t<\/div>\n\t\t\t\t\t<\/div>\n\t\t<\/div>\n\t\t\t\t\t\t\t\t<\/div>\n\t\t\t\t\t<\/div>\n\t\t<\/section>\n\t\t\t\t\t\t<\/div>\n\t\t\t\t\t<\/div>\n\t\t<\/div>\n\t\t\t\t\t\t\t\t<\/div>\n\t\t\t\t\t<\/div>\n\t\t<\/section>\n\t\t\t\t<section class=\"elementor-section elementor-top-section elementor-element elementor-element-86fc4a7 elementor-section-boxed elementor-section-height-default elementor-section-height-default\" data-id=\"86fc4a7\" data-element_type=\"section\">\n\t\t\t\t\t\t<div class=\"elementor-container elementor-column-gap-default\">\n\t\t\t\t\t\t\t<div class=\"elementor-row\">\n\t\t\t\t\t<div class=\"elementor-column elementor-col-50 elementor-top-column elementor-element elementor-element-4b2778d\" data-id=\"4b2778d\" data-element_type=\"column\">\n\t\t\t<div class=\"elementor-column-wrap elementor-element-populated\">\n\t\t\t\t\t\t\t<div class=\"elementor-widget-wrap\">\n\t\t\t\t\t\t<div class=\"elementor-element elementor-element-c938ca6 elementor-invisible elementor-widget elementor-widget-cimol-title\" data-id=\"c938ca6\" data-element_type=\"widget\" data-settings=\"{&quot;_animation&quot;:&quot;fadeInDown&quot;}\" data-widget_type=\"cimol-title.default\">\n\t\t\t\t<div class=\"elementor-widget-container\">\n\t\t\t<h6 class=\"content-title\">Nuestros servicios incluyen\n<span>:<\/span><\/h6>\t\t<\/div>\n\t\t\t\t<\/div>\n\t\t\t\t<div class=\"elementor-element elementor-element-6b68062 elementor-widget elementor-widget-text-editor\" data-id=\"6b68062\" data-element_type=\"widget\" data-widget_type=\"text-editor.default\">\n\t\t\t\t<div class=\"elementor-widget-container\">\n\t\t\t\t\t<div class=\"elementor-text-editor elementor-clearfix\"><ul>\n<li><span style=\"font-weight: 400;\">Revisi\u00f3n ortogr\u00e1fica<\/span><\/li>\n<li><span style=\"font-weight: 400;\">Revisi\u00f3n gramatical<\/span><\/li>\n<li><span style=\"font-weight: 400;\">Coherencia y cohesi\u00f3n textual<\/span><\/li>\n<li><span style=\"font-weight: 400;\">Riqueza l\u00e9xica<\/span><\/li>\n<li><span style=\"font-weight: 400;\">Concordancia<\/span><\/li>\n<li><span style=\"font-weight: 400;\">S\u00edntesis<\/span><\/li>\n<li><span style=\"font-weight: 400;\">Inclusi\u00f3n de marcadores discursivos<\/span><\/li>\n<\/ul><\/div>\n\t\t\t\t<\/div>\n\t\t\t\t<\/div>\n\t\t\t\t\t\t<\/div>\n\t\t\t\t\t<\/div>\n\t\t<\/div>\n\t\t\t\t<div class=\"elementor-column elementor-col-50 elementor-top-column elementor-element elementor-element-43128f1\" data-id=\"43128f1\" data-element_type=\"column\">\n\t\t\t<div class=\"elementor-column-wrap elementor-element-populated\">\n\t\t\t\t\t\t\t<div class=\"elementor-widget-wrap\">\n\t\t\t\t\t\t<div class=\"elementor-element elementor-element-da94cb6 elementor-invisible elementor-widget elementor-widget-cimol-title\" data-id=\"da94cb6\" data-element_type=\"widget\" data-settings=\"{&quot;_animation&quot;:&quot;fadeInDown&quot;}\" data-widget_type=\"cimol-title.default\">\n\t\t\t\t<div class=\"elementor-widget-container\">\n\t\t\t<h6 class=\"content-title\">Garantizamos\n<span>:<\/span><\/h6>\t\t<\/div>\n\t\t\t\t<\/div>\n\t\t\t\t<div class=\"elementor-element elementor-element-a47d2b8 elementor-widget elementor-widget-text-editor\" data-id=\"a47d2b8\" data-element_type=\"widget\" data-widget_type=\"text-editor.default\">\n\t\t\t\t<div class=\"elementor-widget-container\">\n\t\t\t\t\t<div class=\"elementor-text-editor elementor-clearfix\"><ul><li><span style=\"font-weight: 400;\">Redacci\u00f3n y estilo<\/span><\/li><li><span style=\"font-weight: 400;\">Congruencia, coherencia y cohesi\u00f3n<\/span><\/li><\/ul><\/div>\n\t\t\t\t<\/div>\n\t\t\t\t<\/div>\n\t\t\t\t\t\t<\/div>\n\t\t\t\t\t<\/div>\n\t\t<\/div>\n\t\t\t\t\t\t\t\t<\/div>\n\t\t\t\t\t<\/div>\n\t\t<\/section>\n\t\t\t\t<section class=\"elementor-section elementor-top-section elementor-element elementor-element-8d4a20f elementor-section-boxed elementor-section-height-default elementor-section-height-default\" data-id=\"8d4a20f\" data-element_type=\"section\" data-settings=\"{&quot;background_background&quot;:&quot;classic&quot;,&quot;shape_divider_top&quot;:&quot;tilt&quot;,&quot;shape_divider_bottom&quot;:&quot;tilt&quot;}\">\n\t\t\t\t\t<div class=\"elementor-shape elementor-shape-top\" data-negative=\"false\">\n\t\t\t<svg xmlns=\"http:\/\/www.w3.org\/2000\/svg\" viewBox=\"0 0 1000 100\" preserveAspectRatio=\"none\">\n\t<path class=\"elementor-shape-fill\" d=\"M0,6V0h1000v100L0,6z\"\/>\n<\/svg>\t\t<\/div>\n\t\t\t\t<div class=\"elementor-shape elementor-shape-bottom\" data-negative=\"false\">\n\t\t\t<svg xmlns=\"http:\/\/www.w3.org\/2000\/svg\" viewBox=\"0 0 1000 100\" preserveAspectRatio=\"none\">\n\t<path class=\"elementor-shape-fill\" d=\"M0,6V0h1000v100L0,6z\"\/>\n<\/svg>\t\t<\/div>\n\t\t\t\t\t<div class=\"elementor-container elementor-column-gap-no\">\n\t\t\t\t\t\t\t<div class=\"elementor-row\">\n\t\t\t\t\t<div class=\"elementor-column elementor-col-100 elementor-top-column elementor-element elementor-element-d5f3444\" data-id=\"d5f3444\" data-element_type=\"column\">\n\t\t\t<div class=\"elementor-column-wrap elementor-element-populated\">\n\t\t\t\t\t\t\t<div class=\"elementor-widget-wrap\">\n\t\t\t\t\t\t<section class=\"elementor-section elementor-inner-section elementor-element elementor-element-b213ad0 elementor-section-content-middle elementor-section-boxed elementor-section-height-default elementor-section-height-default\" data-id=\"b213ad0\" data-element_type=\"section\">\n\t\t\t\t\t\t<div class=\"elementor-container elementor-column-gap-wide\">\n\t\t\t\t\t\t\t<div class=\"elementor-row\">\n\t\t\t\t\t<div class=\"elementor-column elementor-col-50 elementor-inner-column elementor-element elementor-element-a94270a\" data-id=\"a94270a\" data-element_type=\"column\">\n\t\t\t<div class=\"elementor-column-wrap elementor-element-populated\">\n\t\t\t\t\t\t\t<div class=\"elementor-widget-wrap\">\n\t\t\t\t\t\t<div class=\"elementor-element elementor-element-ff9ec12 elementor-invisible elementor-widget elementor-widget-cimol-title\" data-id=\"ff9ec12\" data-element_type=\"widget\" data-settings=\"{&quot;_animation&quot;:&quot;fadeInDown&quot;}\" data-widget_type=\"cimol-title.default\">\n\t\t\t\t<div class=\"elementor-widget-container\">\n\t\t\t<h2 class=\"content-title\">Necesitas algo especial<span>.<\/span><\/h2>\t\t<\/div>\n\t\t\t\t<\/div>\n\t\t\t\t<div class=\"elementor-element elementor-element-318b66b elementor-widget elementor-widget-text-editor\" data-id=\"318b66b\" data-element_type=\"widget\" data-widget_type=\"text-editor.default\">\n\t\t\t\t<div class=\"elementor-widget-container\">\n\t\t\t\t\t<div class=\"elementor-text-editor elementor-clearfix\"><p>Puedes contactarnos si tienes algo en mente que requiera de un servicio m\u00e1s espec\u00edfico.<\/p><\/div>\n\t\t\t\t<\/div>\n\t\t\t\t<\/div>\n\t\t\t\t\t\t<\/div>\n\t\t\t\t\t<\/div>\n\t\t<\/div>\n\t\t\t\t<div class=\"elementor-column elementor-col-50 elementor-inner-column elementor-element elementor-element-77cf4c5\" data-id=\"77cf4c5\" data-element_type=\"column\">\n\t\t\t<div class=\"elementor-column-wrap elementor-element-populated\">\n\t\t\t\t\t\t\t<div class=\"elementor-widget-wrap\">\n\t\t\t\t\t\t<div class=\"elementor-element elementor-element-fe02fd6 elementor-align-right animated-slow elementor-tablet-align-center elementor-invisible elementor-widget elementor-widget-button\" data-id=\"fe02fd6\" data-element_type=\"widget\" data-settings=\"{&quot;_animation&quot;:&quot;fadeIn&quot;,&quot;_animation_delay&quot;:400}\" data-widget_type=\"button.default\">\n\t\t\t\t<div class=\"elementor-widget-container\">\n\t\t\t\t\t<div class=\"elementor-button-wrapper\">\n\t\t\t<a href=\"http:\/\/escritosya.com\/inicio\/contacto\/\" class=\"elementor-button-link elementor-button elementor-size-sm elementor-animation-float\" role=\"button\">\n\t\t\t\t\t\t<span class=\"elementor-button-content-wrapper\">\n\t\t\t\t\t\t<span class=\"elementor-button-text\">Contacto<\/span>\n\t\t<\/span>\n\t\t\t\t\t<\/a>\n\t\t<\/div>\n\t\t\t\t<\/div>\n\t\t\t\t<\/div>\n\t\t\t\t\t\t<\/div>\n\t\t\t\t\t<\/div>\n\t\t<\/div>\n\t\t\t\t\t\t\t\t<\/div>\n\t\t\t\t\t<\/div>\n\t\t<\/section>\n\t\t\t\t\t\t<\/div>\n\t\t\t\t\t<\/div>\n\t\t<\/div>\n\t\t\t\t\t\t\t\t<\/div>\n\t\t\t\t\t<\/div>\n\t\t<\/section>\n\t\t\t\t\t\t<\/div>\n\t\t\t\t\t\t<\/div>\n\t\t\t\t\t<\/div>\n\t\t","protected":false},"excerpt":{"rendered":"<p>Correcci\u00f3n idiom\u00e1tica y de estilo. Quiero este servicio Un trabajo acad\u00e9mico o profesional es la mejor carta de presentaci\u00f3n para demostrar qui\u00e9n eres. Haz del lenguaje, la ortograf\u00eda, la sintaxis, la coherencia y la concordancia en todo lo que escribas tus mejores aliados. La correcci\u00f3n de estilo y redacci\u00f3n es un proceso que le aporta calidad al contenido de tus &hellip;<\/p>\n","protected":false},"author":1,"featured_media":0,"parent":0,"menu_order":0,"comment_status":"closed","ping_status":"closed","template":"blank-builder.php","meta":[],"_links":{"self":[{"href":"https:\/\/escritosya.com\/inicio\/wp-json\/wp\/v2\/pages\/1157"}],"collection":[{"href":"https:\/\/escritosya.com\/inicio\/wp-json\/wp\/v2\/pages"}],"about":[{"href":"https:\/\/escritosya.com\/inicio\/wp-json\/wp\/v2\/types\/page"}],"author":[{"embeddable":true,"href":"https:\/\/escritosya.com\/inicio\/wp-json\/wp\/v2\/users\/1"}],"replies":[{"embeddable":true,"href":"https:\/\/escritosya.com\/inicio\/wp-json\/wp\/v2\/comments?post=1157"}],"version-history":[{"count":10,"href":"https:\/\/escritosya.com\/inicio\/wp-json\/wp\/v2\/pages\/1157\/revisions"}],"predecessor-version":[{"id":1324,"href":"https:\/\/escritosya.com\/inicio\/wp-json\/wp\/v2\/pages\/1157\/revisions\/1324"}],"wp:attachment":[{"href":"https:\/\/escritosya.com\/inicio\/wp-json\/wp\/v2\/media?parent=1157"}],"curies":[{"name":"wp","href":"https:\/\/api.w.org\/{rel}","templated":true}]}}