{"id":1019,"date":"2017-12-04T21:50:16","date_gmt":"2017-12-04T21:50:16","guid":{"rendered":"http:\/\/theme.ridianur.com\/cimol\/?page_id=1019"},"modified":"2021-01-21T20:14:46","modified_gmt":"2021-01-22T01:14:46","slug":"servicios","status":"publish","type":"page","link":"https:\/\/escritosya.com\/inicio\/servicios\/","title":{"rendered":"Servicios"},"content":{"rendered":"\t\t<div data-elementor-type=\"wp-page\" data-elementor-id=\"1019\" class=\"elementor elementor-1019\" data-elementor-settings=\"[]\">\n\t\t\t\t\t\t<div class=\"elementor-inner\">\n\t\t\t\t\t\t\t<div class=\"elementor-section-wrap\">\n\t\t\t\t\t\t\t<section class=\"elementor-section elementor-top-section elementor-element elementor-element-ae23aad elementor-section-boxed elementor-section-height-default elementor-section-height-default\" data-id=\"ae23aad\" data-element_type=\"section\" data-settings=\"{&quot;background_background&quot;:&quot;classic&quot;}\">\n\t\t\t\t\t\t<div class=\"elementor-container elementor-column-gap-no\">\n\t\t\t\t\t\t\t<div class=\"elementor-row\">\n\t\t\t\t\t<div class=\"elementor-column elementor-col-100 elementor-top-column elementor-element elementor-element-44bdbcc\" data-id=\"44bdbcc\" data-element_type=\"column\">\n\t\t\t<div class=\"elementor-column-wrap elementor-element-populated\">\n\t\t\t\t\t\t\t<div class=\"elementor-widget-wrap\">\n\t\t\t\t\t\t<section class=\"elementor-section elementor-inner-section elementor-element elementor-element-c833101 elementor-section-content-middle elementor-section-boxed elementor-section-height-default elementor-section-height-default\" data-id=\"c833101\" data-element_type=\"section\">\n\t\t\t\t\t\t<div class=\"elementor-container elementor-column-gap-wide\">\n\t\t\t\t\t\t\t<div class=\"elementor-row\">\n\t\t\t\t\t<div class=\"elementor-column elementor-col-100 elementor-inner-column elementor-element elementor-element-bd91fcd\" data-id=\"bd91fcd\" data-element_type=\"column\">\n\t\t\t<div class=\"elementor-column-wrap elementor-element-populated\">\n\t\t\t\t\t\t\t<div class=\"elementor-widget-wrap\">\n\t\t\t\t\t\t<div class=\"elementor-element elementor-element-54e2076 elementor-invisible elementor-widget elementor-widget-cimol-title\" data-id=\"54e2076\" data-element_type=\"widget\" data-settings=\"{&quot;_animation&quot;:&quot;fadeInDown&quot;}\" data-widget_type=\"cimol-title.default\">\n\t\t\t\t<div class=\"elementor-widget-container\">\n\t\t\t<h2 class=\"content-title\">Nuestros servicios<span>.<\/span><\/h2>\t\t<\/div>\n\t\t\t\t<\/div>\n\t\t\t\t<div class=\"elementor-element elementor-element-b2ff354 elementor-invisible elementor-widget elementor-widget-text-editor\" data-id=\"b2ff354\" data-element_type=\"widget\" data-settings=\"{&quot;_animation&quot;:&quot;fadeInUp&quot;,&quot;_animation_delay&quot;:200}\" data-widget_type=\"text-editor.default\">\n\t\t\t\t<div class=\"elementor-widget-container\">\n\t\t\t\t\t<div class=\"elementor-text-editor elementor-clearfix\"><p><b><span lang=\"ES\">Te ayudamos a<\/span><\/b><span lang=\"ES\">\u00a0<\/span><b><span lang=\"ES\">presentar efectivamente esas ideas y \u00a0mensajes, con las condiciones de comunicaci\u00f3n, correcci\u00f3n y normatividad que se requieren para lograr el impacto y los resultados esperados en proyectos y tareas corporativas, acad\u00e9micas, comerciales, empresariales y personales.<\/span><\/b><\/p><\/div>\n\t\t\t\t<\/div>\n\t\t\t\t<\/div>\n\t\t\t\t\t\t<\/div>\n\t\t\t\t\t<\/div>\n\t\t<\/div>\n\t\t\t\t\t\t\t\t<\/div>\n\t\t\t\t\t<\/div>\n\t\t<\/section>\n\t\t\t\t\t\t<\/div>\n\t\t\t\t\t<\/div>\n\t\t<\/div>\n\t\t\t\t\t\t\t\t<\/div>\n\t\t\t\t\t<\/div>\n\t\t<\/section>\n\t\t\t\t<section class=\"elementor-section elementor-top-section elementor-element elementor-element-9299555 elementor-section-boxed elementor-section-height-default elementor-section-height-default\" data-id=\"9299555\" data-element_type=\"section\">\n\t\t\t\t\t\t<div class=\"elementor-container elementor-column-gap-default\">\n\t\t\t\t\t\t\t<div class=\"elementor-row\">\n\t\t\t\t\t<div class=\"elementor-column elementor-col-33 elementor-top-column elementor-element elementor-element-748d3d5\" data-id=\"748d3d5\" data-element_type=\"column\">\n\t\t\t<div class=\"elementor-column-wrap elementor-element-populated\">\n\t\t\t\t\t\t\t<div class=\"elementor-widget-wrap\">\n\t\t\t\t\t\t<div class=\"elementor-element elementor-element-880d9b4 elementor-widget elementor-widget-cimol-title\" data-id=\"880d9b4\" data-element_type=\"widget\" data-widget_type=\"cimol-title.default\">\n\t\t\t\t<div class=\"elementor-widget-container\">\n\t\t\t<h2 class=\"content-title\">Correcci\u00f3n idiom\u00e1tica y de estilo<\/h2>\t\t<\/div>\n\t\t\t\t<\/div>\n\t\t\t\t<div class=\"elementor-element elementor-element-ea61439 elementor-widget elementor-widget-image\" data-id=\"ea61439\" data-element_type=\"widget\" data-widget_type=\"image.default\">\n\t\t\t\t<div class=\"elementor-widget-container\">\n\t\t\t\t\t<div class=\"elementor-image\">\n\t\t\t\t\t\t\t\t\t\t\t<a href=\"http:\/\/escritosya.com\/inicio\/correccion-idiomatica-y-de-estilo\/\">\n\t\t\t\t\t\t\t<img width=\"704\" height=\"1024\" src=\"data:image\/png;base64,R0lGODlhAQABAAD\/ACwAAAAAAQABAAACADs=\" class=\"attachment-large size-large\" alt=\"\" loading=\"lazy\" srcset=\"https:\/\/escritosya.com\/inicio\/wp-content\/uploads\/2020\/07\/Servicios_1-704x1024.jpg 704w, https:\/\/escritosya.com\/inicio\/wp-content\/uploads\/2020\/07\/Servicios_1-206x300.jpg 206w, https:\/\/escritosya.com\/inicio\/wp-content\/uploads\/2020\/07\/Servicios_1-768x1117.jpg 768w, https:\/\/escritosya.com\/inicio\/wp-content\/uploads\/2020\/07\/Servicios_1.jpg 800w\" sizes=\"(max-width: 704px) 100vw, 704px\" data-url=\"\" \/>\t\t\t\t\t\t\t\t<\/a>\n\t\t\t\t\t\t\t\t\t\t\t<\/div>\n\t\t\t\t<\/div>\n\t\t\t\t<\/div>\n\t\t\t\t\t\t<\/div>\n\t\t\t\t\t<\/div>\n\t\t<\/div>\n\t\t\t\t<div class=\"elementor-column elementor-col-33 elementor-top-column elementor-element elementor-element-da783e7\" data-id=\"da783e7\" data-element_type=\"column\">\n\t\t\t<div class=\"elementor-column-wrap elementor-element-populated\">\n\t\t\t\t\t\t\t<div class=\"elementor-widget-wrap\">\n\t\t\t\t\t\t<div class=\"elementor-element elementor-element-fbaa1a0 elementor-widget elementor-widget-cimol-title\" data-id=\"fbaa1a0\" data-element_type=\"widget\" data-widget_type=\"cimol-title.default\">\n\t\t\t\t<div class=\"elementor-widget-container\">\n\t\t\t<h2 class=\"content-title\">Creaci\u00f3n de contenido para marketing digital<\/h2>\t\t<\/div>\n\t\t\t\t<\/div>\n\t\t\t\t<div class=\"elementor-element elementor-element-c7041a5 elementor-widget elementor-widget-image\" data-id=\"c7041a5\" data-element_type=\"widget\" data-widget_type=\"image.default\">\n\t\t\t\t<div class=\"elementor-widget-container\">\n\t\t\t\t\t<div class=\"elementor-image\">\n\t\t\t\t\t\t\t\t\t\t\t<a href=\"http:\/\/escritosya.com\/inicio\/creacion-de-contenido-para-marketing-digital\/\">\n\t\t\t\t\t\t\t<img width=\"704\" height=\"1024\" src=\"data:image\/png;base64,R0lGODlhAQABAAD\/ACwAAAAAAQABAAACADs=\" class=\"attachment-large size-large\" alt=\"\" loading=\"lazy\" srcset=\"https:\/\/escritosya.com\/inicio\/wp-content\/uploads\/2020\/07\/Servicios_2-704x1024.jpg 704w, https:\/\/escritosya.com\/inicio\/wp-content\/uploads\/2020\/07\/Servicios_2-206x300.jpg 206w, https:\/\/escritosya.com\/inicio\/wp-content\/uploads\/2020\/07\/Servicios_2-768x1117.jpg 768w, https:\/\/escritosya.com\/inicio\/wp-content\/uploads\/2020\/07\/Servicios_2.jpg 800w\" sizes=\"(max-width: 704px) 100vw, 704px\" data-url=\"\" \/>\t\t\t\t\t\t\t\t<\/a>\n\t\t\t\t\t\t\t\t\t\t\t<\/div>\n\t\t\t\t<\/div>\n\t\t\t\t<\/div>\n\t\t\t\t\t\t<\/div>\n\t\t\t\t\t<\/div>\n\t\t<\/div>\n\t\t\t\t<div class=\"elementor-column elementor-col-33 elementor-top-column elementor-element elementor-element-0978f34\" data-id=\"0978f34\" data-element_type=\"column\">\n\t\t\t<div class=\"elementor-column-wrap elementor-element-populated\">\n\t\t\t\t\t\t\t<div class=\"elementor-widget-wrap\">\n\t\t\t\t\t\t<div class=\"elementor-element elementor-element-41756b6 elementor-widget elementor-widget-cimol-title\" data-id=\"41756b6\" data-element_type=\"widget\" data-widget_type=\"cimol-title.default\">\n\t\t\t\t<div class=\"elementor-widget-container\">\n\t\t\t<h2 class=\"content-title\">Otros servicios\n<\/h2>\t\t<\/div>\n\t\t\t\t<\/div>\n\t\t\t\t<div class=\"elementor-element elementor-element-7286685 elementor-widget elementor-widget-image\" data-id=\"7286685\" data-element_type=\"widget\" data-widget_type=\"image.default\">\n\t\t\t\t<div class=\"elementor-widget-container\">\n\t\t\t\t\t<div class=\"elementor-image\">\n\t\t\t\t\t\t\t\t\t\t\t<a href=\"http:\/\/escritosya.com\/inicio\/otros-servicios\/\">\n\t\t\t\t\t\t\t<img width=\"704\" height=\"1024\" src=\"data:image\/png;base64,R0lGODlhAQABAAD\/ACwAAAAAAQABAAACADs=\" class=\"attachment-large size-large\" alt=\"\" loading=\"lazy\" srcset=\"https:\/\/escritosya.com\/inicio\/wp-content\/uploads\/2020\/07\/Servicios_3-704x1024.jpg 704w, https:\/\/escritosya.com\/inicio\/wp-content\/uploads\/2020\/07\/Servicios_3-206x300.jpg 206w, https:\/\/escritosya.com\/inicio\/wp-content\/uploads\/2020\/07\/Servicios_3-768x1117.jpg 768w, https:\/\/escritosya.com\/inicio\/wp-content\/uploads\/2020\/07\/Servicios_3.jpg 800w\" sizes=\"(max-width: 704px) 100vw, 704px\" data-url=\"\" \/>\t\t\t\t\t\t\t\t<\/a>\n\t\t\t\t\t\t\t\t\t\t\t<\/div>\n\t\t\t\t<\/div>\n\t\t\t\t<\/div>\n\t\t\t\t\t\t<\/div>\n\t\t\t\t\t<\/div>\n\t\t<\/div>\n\t\t\t\t\t\t\t\t<\/div>\n\t\t\t\t\t<\/div>\n\t\t<\/section>\n\t\t\t\t\t\t<\/div>\n\t\t\t\t\t\t<\/div>\n\t\t\t\t\t<\/div>\n\t\t","protected":false},"excerpt":{"rendered":"<p>Nuestros servicios. Te ayudamos a\u00a0presentar efectivamente esas ideas y \u00a0mensajes, con las condiciones de comunicaci\u00f3n, correcci\u00f3n y normatividad que se requieren para lograr el impacto y los resultados esperados en proyectos y tareas corporativas, acad\u00e9micas, comerciales, empresariales y personales. Correcci\u00f3n idiom\u00e1tica y de estilo Creaci\u00f3n de contenido para marketing digital Otros servicios<\/p>\n","protected":false},"author":1,"featured_media":0,"parent":0,"menu_order":0,"comment_status":"closed","ping_status":"closed","template":"blank-builder.php","meta":[],"_links":{"self":[{"href":"https:\/\/escritosya.com\/inicio\/wp-json\/wp\/v2\/pages\/1019"}],"collection":[{"href":"https:\/\/escritosya.com\/inicio\/wp-json\/wp\/v2\/pages"}],"about":[{"href":"https:\/\/escritosya.com\/inicio\/wp-json\/wp\/v2\/types\/page"}],"author":[{"embeddable":true,"href":"https:\/\/escritosya.com\/inicio\/wp-json\/wp\/v2\/users\/1"}],"replies":[{"embeddable":true,"href":"https:\/\/escritosya.com\/inicio\/wp-json\/wp\/v2\/comments?post=1019"}],"version-history":[{"count":10,"href":"https:\/\/escritosya.com\/inicio\/wp-json\/wp\/v2\/pages\/1019\/revisions"}],"predecessor-version":[{"id":1323,"href":"https:\/\/escritosya.com\/inicio\/wp-json\/wp\/v2\/pages\/1019\/revisions\/1323"}],"wp:attachment":[{"href":"https:\/\/escritosya.com\/inicio\/wp-json\/wp\/v2\/media?parent=1019"}],"curies":[{"name":"wp","href":"https:\/\/api.w.org\/{rel}","templated":true}]}}